{"id":426,"date":"2013-03-21T19:11:04","date_gmt":"2013-03-21T18:11:04","guid":{"rendered":"http:\/\/villa-ankora.com\/apartments\/?page_id=426"},"modified":"2025-11-18T15:45:56","modified_gmt":"2025-11-18T14:45:56","slug":"attractions","status":"publish","type":"page","link":"https:\/\/villa-ankora.com\/apartments\/attractions\/","title":{"rendered":"Attractions"},"content":{"rendered":"\n<p><strong>Beach &amp; Swimming<\/strong><\/p>\n\n\n\n<figure class=\"wp-block-gallery has-nested-images columns-default is-cropped wp-block-gallery-1 is-layout-flex wp-block-gallery-is-layout-flex\">\n<figure data-wp-context=\"{&quot;imageId&quot;:&quot;69fb89ce4f021&quot;}\" data-wp-interactive=\"core\/image\" data-wp-key=\"69fb89ce4f021\" class=\"wp-block-image size-large wp-lightbox-container\"><img loading=\"lazy\" decoding=\"async\" width=\"1000\" height=\"600\" data-wp-class--hide=\"state.isContentHidden\" data-wp-class--show=\"state.isContentVisible\" data-wp-init=\"callbacks.setButtonStyles\" data-wp-on--click=\"actions.showLightbox\" data-wp-on--load=\"callbacks.setButtonStyles\" data-wp-on-window--resize=\"callbacks.setButtonStyles\" data-id=\"182\" src=\"https:\/\/villa-ankora.com\/apartments\/wp-content\/uploads\/2012\/11\/slider_house.jpg\" alt=\"\" class=\"wp-image-182\" srcset=\"https:\/\/villa-ankora.com\/apartments\/wp-content\/uploads\/2012\/11\/slider_house.jpg 1000w, https:\/\/villa-ankora.com\/apartments\/wp-content\/uploads\/2012\/11\/slider_house-300x180.jpg 300w, https:\/\/villa-ankora.com\/apartments\/wp-content\/uploads\/2012\/11\/slider_house-500x300.jpg 500w\" sizes=\"auto, (max-width: 1000px) 100vw, 1000px\" \/><button\n\t\t\tclass=\"lightbox-trigger\"\n\t\t\ttype=\"button\"\n\t\t\taria-haspopup=\"dialog\"\n\t\t\taria-label=\"Enlarge\"\n\t\t\tdata-wp-init=\"callbacks.initTriggerButton\"\n\t\t\tdata-wp-on--click=\"actions.showLightbox\"\n\t\t\tdata-wp-style--right=\"state.imageButtonRight\"\n\t\t\tdata-wp-style--top=\"state.imageButtonTop\"\n\t\t>\n\t\t\t<svg xmlns=\"http:\/\/www.w3.org\/2000\/svg\" width=\"12\" height=\"12\" fill=\"none\" viewBox=\"0 0 12 12\">\n\t\t\t\t<path fill=\"#fff\" d=\"M2 0a2 2 0 0 0-2 2v2h1.5V2a.5.5 0 0 1 .5-.5h2V0H2Zm2 10.5H2a.5.5 0 0 1-.5-.5V8H0v2a2 2 0 0 0 2 2h2v-1.5ZM8 12v-1.5h2a.5.5 0 0 0 .5-.5V8H12v2a2 2 0 0 1-2 2H8Zm2-12a2 2 0 0 1 2 2v2h-1.5V2a.5.5 0 0 0-.5-.5H8V0h2Z\" \/>\n\t\t\t<\/svg>\n\t\t<\/button><\/figure>\n\n\n\n<figure data-wp-context=\"{&quot;imageId&quot;:&quot;69fb89ce4f519&quot;}\" data-wp-interactive=\"core\/image\" data-wp-key=\"69fb89ce4f519\" class=\"wp-block-image size-large wp-lightbox-container\"><img loading=\"lazy\" decoding=\"async\" width=\"1024\" height=\"683\" data-wp-class--hide=\"state.isContentHidden\" data-wp-class--show=\"state.isContentVisible\" data-wp-init=\"callbacks.setButtonStyles\" data-wp-on--click=\"actions.showLightbox\" data-wp-on--load=\"callbacks.setButtonStyles\" data-wp-on-window--resize=\"callbacks.setButtonStyles\" data-id=\"694\" src=\"https:\/\/villa-ankora.com\/apartments\/wp-content\/uploads\/2016\/01\/img_1435-1024x683.jpg\" alt=\"\" class=\"wp-image-694\" srcset=\"https:\/\/villa-ankora.com\/apartments\/wp-content\/uploads\/2016\/01\/img_1435-1024x683.jpg 1024w, https:\/\/villa-ankora.com\/apartments\/wp-content\/uploads\/2016\/01\/img_1435-300x200.jpg 300w, https:\/\/villa-ankora.com\/apartments\/wp-content\/uploads\/2016\/01\/img_1435-768x512.jpg 768w, https:\/\/villa-ankora.com\/apartments\/wp-content\/uploads\/2016\/01\/img_1435-450x300.jpg 450w, https:\/\/villa-ankora.com\/apartments\/wp-content\/uploads\/2016\/01\/img_1435.jpg 1410w\" sizes=\"auto, (max-width: 1024px) 100vw, 1024px\" \/><button\n\t\t\tclass=\"lightbox-trigger\"\n\t\t\ttype=\"button\"\n\t\t\taria-haspopup=\"dialog\"\n\t\t\taria-label=\"Enlarge\"\n\t\t\tdata-wp-init=\"callbacks.initTriggerButton\"\n\t\t\tdata-wp-on--click=\"actions.showLightbox\"\n\t\t\tdata-wp-style--right=\"state.imageButtonRight\"\n\t\t\tdata-wp-style--top=\"state.imageButtonTop\"\n\t\t>\n\t\t\t<svg xmlns=\"http:\/\/www.w3.org\/2000\/svg\" width=\"12\" height=\"12\" fill=\"none\" viewBox=\"0 0 12 12\">\n\t\t\t\t<path fill=\"#fff\" d=\"M2 0a2 2 0 0 0-2 2v2h1.5V2a.5.5 0 0 1 .5-.5h2V0H2Zm2 10.5H2a.5.5 0 0 1-.5-.5V8H0v2a2 2 0 0 0 2 2h2v-1.5ZM8 12v-1.5h2a.5.5 0 0 0 .5-.5V8H12v2a2 2 0 0 1-2 2H8Zm2-12a2 2 0 0 1 2 2v2h-1.5V2a.5.5 0 0 0-.5-.5H8V0h2Z\" \/>\n\t\t\t<\/svg>\n\t\t<\/button><\/figure>\n\n\n\n<figure data-wp-context=\"{&quot;imageId&quot;:&quot;69fb89ce4fa45&quot;}\" data-wp-interactive=\"core\/image\" data-wp-key=\"69fb89ce4fa45\" class=\"wp-block-image size-large wp-lightbox-container\"><img loading=\"lazy\" decoding=\"async\" width=\"1024\" height=\"683\" data-wp-class--hide=\"state.isContentHidden\" data-wp-class--show=\"state.isContentVisible\" data-wp-init=\"callbacks.setButtonStyles\" data-wp-on--click=\"actions.showLightbox\" data-wp-on--load=\"callbacks.setButtonStyles\" data-wp-on-window--resize=\"callbacks.setButtonStyles\" data-id=\"696\" src=\"https:\/\/villa-ankora.com\/apartments\/wp-content\/uploads\/2016\/01\/img_1473-1024x683.jpg\" alt=\"\" class=\"wp-image-696\" srcset=\"https:\/\/villa-ankora.com\/apartments\/wp-content\/uploads\/2016\/01\/img_1473-1024x683.jpg 1024w, https:\/\/villa-ankora.com\/apartments\/wp-content\/uploads\/2016\/01\/img_1473-300x200.jpg 300w, https:\/\/villa-ankora.com\/apartments\/wp-content\/uploads\/2016\/01\/img_1473-768x512.jpg 768w, https:\/\/villa-ankora.com\/apartments\/wp-content\/uploads\/2016\/01\/img_1473-450x300.jpg 450w, https:\/\/villa-ankora.com\/apartments\/wp-content\/uploads\/2016\/01\/img_1473.jpg 1410w\" sizes=\"auto, (max-width: 1024px) 100vw, 1024px\" \/><button\n\t\t\tclass=\"lightbox-trigger\"\n\t\t\ttype=\"button\"\n\t\t\taria-haspopup=\"dialog\"\n\t\t\taria-label=\"Enlarge\"\n\t\t\tdata-wp-init=\"callbacks.initTriggerButton\"\n\t\t\tdata-wp-on--click=\"actions.showLightbox\"\n\t\t\tdata-wp-style--right=\"state.imageButtonRight\"\n\t\t\tdata-wp-style--top=\"state.imageButtonTop\"\n\t\t>\n\t\t\t<svg xmlns=\"http:\/\/www.w3.org\/2000\/svg\" width=\"12\" height=\"12\" fill=\"none\" viewBox=\"0 0 12 12\">\n\t\t\t\t<path fill=\"#fff\" d=\"M2 0a2 2 0 0 0-2 2v2h1.5V2a.5.5 0 0 1 .5-.5h2V0H2Zm2 10.5H2a.5.5 0 0 1-.5-.5V8H0v2a2 2 0 0 0 2 2h2v-1.5ZM8 12v-1.5h2a.5.5 0 0 0 .5-.5V8H12v2a2 2 0 0 1-2 2H8Zm2-12a2 2 0 0 1 2 2v2h-1.5V2a.5.5 0 0 0-.5-.5H8V0h2Z\" \/>\n\t\t\t<\/svg>\n\t\t<\/button><\/figure>\n\n\n\n<figure data-wp-context=\"{&quot;imageId&quot;:&quot;69fb89ce4ff86&quot;}\" data-wp-interactive=\"core\/image\" data-wp-key=\"69fb89ce4ff86\" class=\"wp-block-image size-large wp-lightbox-container\"><img loading=\"lazy\" decoding=\"async\" width=\"1024\" height=\"683\" data-wp-class--hide=\"state.isContentHidden\" data-wp-class--show=\"state.isContentVisible\" data-wp-init=\"callbacks.setButtonStyles\" data-wp-on--click=\"actions.showLightbox\" data-wp-on--load=\"callbacks.setButtonStyles\" data-wp-on-window--resize=\"callbacks.setButtonStyles\" data-id=\"697\" src=\"https:\/\/villa-ankora.com\/apartments\/wp-content\/uploads\/2016\/01\/img_1474-1024x683.jpg\" alt=\"\" class=\"wp-image-697\" srcset=\"https:\/\/villa-ankora.com\/apartments\/wp-content\/uploads\/2016\/01\/img_1474-1024x683.jpg 1024w, https:\/\/villa-ankora.com\/apartments\/wp-content\/uploads\/2016\/01\/img_1474-300x200.jpg 300w, https:\/\/villa-ankora.com\/apartments\/wp-content\/uploads\/2016\/01\/img_1474-768x512.jpg 768w, https:\/\/villa-ankora.com\/apartments\/wp-content\/uploads\/2016\/01\/img_1474-450x300.jpg 450w, https:\/\/villa-ankora.com\/apartments\/wp-content\/uploads\/2016\/01\/img_1474.jpg 1410w\" sizes=\"auto, (max-width: 1024px) 100vw, 1024px\" \/><button\n\t\t\tclass=\"lightbox-trigger\"\n\t\t\ttype=\"button\"\n\t\t\taria-haspopup=\"dialog\"\n\t\t\taria-label=\"Enlarge\"\n\t\t\tdata-wp-init=\"callbacks.initTriggerButton\"\n\t\t\tdata-wp-on--click=\"actions.showLightbox\"\n\t\t\tdata-wp-style--right=\"state.imageButtonRight\"\n\t\t\tdata-wp-style--top=\"state.imageButtonTop\"\n\t\t>\n\t\t\t<svg xmlns=\"http:\/\/www.w3.org\/2000\/svg\" width=\"12\" height=\"12\" fill=\"none\" viewBox=\"0 0 12 12\">\n\t\t\t\t<path fill=\"#fff\" d=\"M2 0a2 2 0 0 0-2 2v2h1.5V2a.5.5 0 0 1 .5-.5h2V0H2Zm2 10.5H2a.5.5 0 0 1-.5-.5V8H0v2a2 2 0 0 0 2 2h2v-1.5ZM8 12v-1.5h2a.5.5 0 0 0 .5-.5V8H12v2a2 2 0 0 1-2 2H8Zm2-12a2 2 0 0 1 2 2v2h-1.5V2a.5.5 0 0 0-.5-.5H8V0h2Z\" \/>\n\t\t\t<\/svg>\n\t\t<\/button><\/figure>\n\n\n\n<figure data-wp-context=\"{&quot;imageId&quot;:&quot;69fb89ce503fc&quot;}\" data-wp-interactive=\"core\/image\" data-wp-key=\"69fb89ce503fc\" class=\"wp-block-image size-large wp-lightbox-container\"><img loading=\"lazy\" decoding=\"async\" width=\"1024\" height=\"683\" data-wp-class--hide=\"state.isContentHidden\" data-wp-class--show=\"state.isContentVisible\" data-wp-init=\"callbacks.setButtonStyles\" data-wp-on--click=\"actions.showLightbox\" data-wp-on--load=\"callbacks.setButtonStyles\" data-wp-on-window--resize=\"callbacks.setButtonStyles\" data-id=\"693\" src=\"https:\/\/villa-ankora.com\/apartments\/wp-content\/uploads\/2016\/01\/img_1430-1024x683.jpg\" alt=\"\" class=\"wp-image-693\" srcset=\"https:\/\/villa-ankora.com\/apartments\/wp-content\/uploads\/2016\/01\/img_1430-1024x683.jpg 1024w, https:\/\/villa-ankora.com\/apartments\/wp-content\/uploads\/2016\/01\/img_1430-300x200.jpg 300w, https:\/\/villa-ankora.com\/apartments\/wp-content\/uploads\/2016\/01\/img_1430-768x512.jpg 768w, https:\/\/villa-ankora.com\/apartments\/wp-content\/uploads\/2016\/01\/img_1430-450x300.jpg 450w, https:\/\/villa-ankora.com\/apartments\/wp-content\/uploads\/2016\/01\/img_1430.jpg 1410w\" sizes=\"auto, (max-width: 1024px) 100vw, 1024px\" \/><button\n\t\t\tclass=\"lightbox-trigger\"\n\t\t\ttype=\"button\"\n\t\t\taria-haspopup=\"dialog\"\n\t\t\taria-label=\"Enlarge\"\n\t\t\tdata-wp-init=\"callbacks.initTriggerButton\"\n\t\t\tdata-wp-on--click=\"actions.showLightbox\"\n\t\t\tdata-wp-style--right=\"state.imageButtonRight\"\n\t\t\tdata-wp-style--top=\"state.imageButtonTop\"\n\t\t>\n\t\t\t<svg xmlns=\"http:\/\/www.w3.org\/2000\/svg\" width=\"12\" height=\"12\" fill=\"none\" viewBox=\"0 0 12 12\">\n\t\t\t\t<path fill=\"#fff\" d=\"M2 0a2 2 0 0 0-2 2v2h1.5V2a.5.5 0 0 1 .5-.5h2V0H2Zm2 10.5H2a.5.5 0 0 1-.5-.5V8H0v2a2 2 0 0 0 2 2h2v-1.5ZM8 12v-1.5h2a.5.5 0 0 0 .5-.5V8H12v2a2 2 0 0 1-2 2H8Zm2-12a2 2 0 0 1 2 2v2h-1.5V2a.5.5 0 0 0-.5-.5H8V0h2Z\" \/>\n\t\t\t<\/svg>\n\t\t<\/button><\/figure>\n<\/figure>\n\n\n\n<p>If you come between May and September, then you won&#8217;t be able to miss swimming and sunbathing. Fortunately, Villa Ankora is practically <i>on<\/i> the beach, a mere 5-7 meters from it, so you won&#8217;t have to make those long trips just to go for a swim. The beach in Tu\u010depi stretches as far as eye can see, along the entire resort town. There are facilities for scuba diving, jet-skiing, para-gliding, as well as rental services &#8211; from boats to bikes, motorcycles, to simple deck chairs.<\/p>\n\n\n\n<p><strong>Promenade<\/strong><\/p>\n\n\n\n<figure class=\"wp-block-embed is-type-video is-provider-youtube wp-block-embed-youtube wp-embed-aspect-16-9 wp-has-aspect-ratio\"><div class=\"wp-block-embed__wrapper\">\n<iframe loading=\"lazy\" title=\"Tu\u010depi Croatia 4K Makarska Riviera Walking Tour 2025\" width=\"625\" height=\"352\" src=\"https:\/\/www.youtube.com\/embed\/77_HY06txa4?feature=oembed\" frameborder=\"0\" allow=\"accelerometer; autoplay; clipboard-write; encrypted-media; gyroscope; picture-in-picture; web-share\" referrerpolicy=\"strict-origin-when-cross-origin\" allowfullscreen><\/iframe>\n<\/div><\/figure>\n\n\n\n<p><strong>Biokovo<\/strong><\/p>\n\n\n<div class=\"wp-block-image\">\n<figure class=\"aligncenter\"><img loading=\"lazy\" decoding=\"async\" width=\"1024\" height=\"652\" src=\"https:\/\/villa-ankora.com\/apartments\/wp-content\/uploads\/2013\/03\/biokovo3.jpg\" alt=\"biokovo3\" class=\"wp-image-476\" srcset=\"https:\/\/villa-ankora.com\/apartments\/wp-content\/uploads\/2013\/03\/biokovo3.jpg 1024w, https:\/\/villa-ankora.com\/apartments\/wp-content\/uploads\/2013\/03\/biokovo3-300x191.jpg 300w, https:\/\/villa-ankora.com\/apartments\/wp-content\/uploads\/2013\/03\/biokovo3-471x300.jpg 471w\" sizes=\"auto, (max-width: 1024px) 100vw, 1024px\" \/><\/figure>\n<\/div>\n\n\n<p><\/p>\n\n\n\n<p>Biokovo is one of Croatia&#8217;s most renown parks of nature. Praised for its robust magnificence , this mountain is frequented by both alpinists, trekkers and nature-lovers. Mountain&#8217;s plant and animal life makes Biokovo one of World&#8217;s most spectacular and preserved sites.<\/p>\n\n\n\n<p>Biokovo is very much accessible by car, as the narrow road winds through the park of nature all the way to its peak, St. George (<i>Sv. Jure <\/i> &#8211; 1862 m). Nevertheless, make sure not to miss on the trekking experience. The mountain attracts many alpinists each year, and there is also a possibility of horse-back riding.<\/p>\n\n\n\n<p><strong>Upper Tu\u010depi<\/strong><\/p>\n\n\n<div class=\"wp-block-image\">\n<figure class=\"aligncenter\"><img loading=\"lazy\" decoding=\"async\" width=\"640\" height=\"426\" src=\"https:\/\/villa-ankora.com\/apartments\/wp-content\/uploads\/2013\/03\/old-tucepi_640_4261.jpeg\" alt=\"old-tucepi_640_426\" class=\"wp-image-478\" srcset=\"https:\/\/villa-ankora.com\/apartments\/wp-content\/uploads\/2013\/03\/old-tucepi_640_4261.jpeg 640w, https:\/\/villa-ankora.com\/apartments\/wp-content\/uploads\/2013\/03\/old-tucepi_640_4261-300x199.jpeg 300w, https:\/\/villa-ankora.com\/apartments\/wp-content\/uploads\/2013\/03\/old-tucepi_640_4261-450x300.jpeg 450w\" sizes=\"auto, (max-width: 640px) 100vw, 640px\" \/><\/figure>\n<\/div>\n\n\n<p><\/p>\n\n\n\n<p>Up until fifty years ago, most of Tu\u010depi population lived in what is nowadays referred to as &#8220;Upper Tu\u010depi&#8221;, located few hundred meters above the sea level. Upper Tu\u010depi is a system of small hamlets scattered around the lush countryside on the slopes of Biokovo mountain. It takes about 30 minutes by foot on a steep road winding through olive trees and orchards to reach Upper Tu\u010depi. From up there you may enjoy beautiful view stretching all the way to Makarska and the islands. During Summer, the hamlets of Upper Tu\u010depi host a culture festival with theater plays and art shows.<\/p>\n\n\n<div class=\"wp-block-image\">\n<figure class=\"aligncenter\"><img decoding=\"async\" src=\"http:\/\/1.bp.blogspot.com\/-2IPzBZ_RUfw\/UCPkFpi-uWI\/AAAAAAAAAlk\/H1FeaNLOXRE\/s1600\/IMG_0967+-+Copy.JPG\" alt=\"gornjetucepi\" class=\"wp-image-478\"\/><\/figure>\n<\/div>\n\n\n<p><\/p>\n\n\n\n<p><strong>Makarska<\/strong><\/p>\n\n\n<div class=\"wp-block-image\">\n<figure class=\"aligncenter\"><img loading=\"lazy\" decoding=\"async\" width=\"1024\" height=\"839\" src=\"https:\/\/villa-ankora.com\/apartments\/wp-content\/uploads\/2013\/03\/makacic10082010_50pc-1024x839.jpg\" alt=\"makacic10082010_50pc\" class=\"wp-image-479\" srcset=\"https:\/\/villa-ankora.com\/apartments\/wp-content\/uploads\/2013\/03\/makacic10082010_50pc-1024x839.jpg 1024w, https:\/\/villa-ankora.com\/apartments\/wp-content\/uploads\/2013\/03\/makacic10082010_50pc-300x245.jpg 300w, https:\/\/villa-ankora.com\/apartments\/wp-content\/uploads\/2013\/03\/makacic10082010_50pc-365x300.jpg 365w, https:\/\/villa-ankora.com\/apartments\/wp-content\/uploads\/2013\/03\/makacic10082010_50pc.jpg 1233w\" sizes=\"auto, (max-width: 1024px) 100vw, 1024px\" \/><\/figure>\n<\/div>\n\n\n<p><\/p>\n\n\n\n<p>Only three kilometres away, Makarska is the main hub of the Riviera, home to many shopping, dining and entertainment venues.<\/p>\n","protected":false},"excerpt":{"rendered":"<p>Beach &amp; Swimming If you come between May and September, then you won&#8217;t be able to miss swimming and sunbathing. Fortunately, Villa Ankora is practically on the beach, a mere 5-7 meters from it, so you won&#8217;t have to make those long trips just to go for a swim. The beach in Tu\u010depi stretches as [&hellip;]<\/p>\n","protected":false},"author":1,"featured_media":430,"parent":0,"menu_order":0,"comment_status":"closed","ping_status":"closed","template":"","meta":{"footnotes":""},"class_list":["post-426","page","type-page","status-publish","has-post-thumbnail","hentry"],"_links":{"self":[{"href":"https:\/\/villa-ankora.com\/apartments\/wp-json\/wp\/v2\/pages\/426","targetHints":{"allow":["GET"]}}],"collection":[{"href":"https:\/\/villa-ankora.com\/apartments\/wp-json\/wp\/v2\/pages"}],"about":[{"href":"https:\/\/villa-ankora.com\/apartments\/wp-json\/wp\/v2\/types\/page"}],"author":[{"embeddable":true,"href":"https:\/\/villa-ankora.com\/apartments\/wp-json\/wp\/v2\/users\/1"}],"replies":[{"embeddable":true,"href":"https:\/\/villa-ankora.com\/apartments\/wp-json\/wp\/v2\/comments?post=426"}],"version-history":[{"count":32,"href":"https:\/\/villa-ankora.com\/apartments\/wp-json\/wp\/v2\/pages\/426\/revisions"}],"predecessor-version":[{"id":1917,"href":"https:\/\/villa-ankora.com\/apartments\/wp-json\/wp\/v2\/pages\/426\/revisions\/1917"}],"wp:featuredmedia":[{"embeddable":true,"href":"https:\/\/villa-ankora.com\/apartments\/wp-json\/wp\/v2\/media\/430"}],"wp:attachment":[{"href":"https:\/\/villa-ankora.com\/apartments\/wp-json\/wp\/v2\/media?parent=426"}],"curies":[{"name":"wp","href":"https:\/\/api.w.org\/{rel}","templated":true}]}}