{"id":339,"date":"2013-02-18T22:23:48","date_gmt":"2013-02-18T21:23:48","guid":{"rendered":"http:\/\/villa-ankora.com\/apartments\/?page_id=339"},"modified":"2026-03-04T10:47:00","modified_gmt":"2026-03-04T09:47:00","slug":"contact-form","status":"publish","type":"page","link":"https:\/\/villa-ankora.com\/apartments\/contact-form\/","title":{"rendered":"Contact"},"content":{"rendered":"\n<p>Villa Ankora, Kraj 119 21325 Tu\u010depi Croatia<br>Miljenko (mob): +385 (0) 91 57 68 508<br>\u0110ur\u0111ica (e-mail): <a href=\"mailto:villaankora@gmail.com\">villaankora@gmail.com<\/a><br>Valentina (mob): +385 (0) 98 827 394<br>Villa Ankora: +385 (0) 21 623 237<br><a href=\"mailto:villaankora@gmail.com\">villaankora@gmail.com<\/a><br><a href=\"mailto:miljenkosimic@gmail.com\">miljenkosimic@gmail.com<\/a><br><a href=\"mailto:djusim@yahoo.com\">djusim@yahoo.com<\/a><br><a href=\"mailto:djusim@yahoo.com\">valentinasimic1@gmail.com<\/a><br><a href=\"http:\/\/www.villa-ankora.com\">http:\/\/www.villa-ankora.com<\/a><\/p>\n\n\n\n<figure class=\"wp-block-gallery has-nested-images columns-default is-cropped wp-block-gallery-1 is-layout-flex wp-block-gallery-is-layout-flex\">\n<figure data-wp-context=\"{&quot;imageId&quot;:&quot;69fb8bd9ab113&quot;}\" data-wp-interactive=\"core\/image\" data-wp-key=\"69fb8bd9ab113\" class=\"wp-block-image size-large wp-lightbox-container\"><img loading=\"lazy\" decoding=\"async\" width=\"1024\" height=\"887\" data-wp-class--hide=\"state.isContentHidden\" data-wp-class--show=\"state.isContentVisible\" data-wp-init=\"callbacks.setButtonStyles\" data-wp-on--click=\"actions.showLightbox\" data-wp-on--load=\"callbacks.setButtonStyles\" data-wp-on-window--resize=\"callbacks.setButtonStyles\" data-id=\"1695\" src=\"https:\/\/villa-ankora.com\/apartments\/wp-content\/uploads\/2025\/06\/20250625_123155-1024x887.jpg\" alt=\"\" class=\"wp-image-1695\" srcset=\"https:\/\/villa-ankora.com\/apartments\/wp-content\/uploads\/2025\/06\/20250625_123155-1024x887.jpg 1024w, https:\/\/villa-ankora.com\/apartments\/wp-content\/uploads\/2025\/06\/20250625_123155-300x260.jpg 300w, https:\/\/villa-ankora.com\/apartments\/wp-content\/uploads\/2025\/06\/20250625_123155-768x665.jpg 768w, https:\/\/villa-ankora.com\/apartments\/wp-content\/uploads\/2025\/06\/20250625_123155-1536x1331.jpg 1536w, https:\/\/villa-ankora.com\/apartments\/wp-content\/uploads\/2025\/06\/20250625_123155-624x541.jpg 624w, https:\/\/villa-ankora.com\/apartments\/wp-content\/uploads\/2025\/06\/20250625_123155.jpg 1600w\" sizes=\"auto, (max-width: 1024px) 100vw, 1024px\" \/><button\n\t\t\tclass=\"lightbox-trigger\"\n\t\t\ttype=\"button\"\n\t\t\taria-haspopup=\"dialog\"\n\t\t\taria-label=\"Enlarge\"\n\t\t\tdata-wp-init=\"callbacks.initTriggerButton\"\n\t\t\tdata-wp-on--click=\"actions.showLightbox\"\n\t\t\tdata-wp-style--right=\"state.imageButtonRight\"\n\t\t\tdata-wp-style--top=\"state.imageButtonTop\"\n\t\t>\n\t\t\t<svg xmlns=\"http:\/\/www.w3.org\/2000\/svg\" width=\"12\" height=\"12\" fill=\"none\" viewBox=\"0 0 12 12\">\n\t\t\t\t<path fill=\"#fff\" d=\"M2 0a2 2 0 0 0-2 2v2h1.5V2a.5.5 0 0 1 .5-.5h2V0H2Zm2 10.5H2a.5.5 0 0 1-.5-.5V8H0v2a2 2 0 0 0 2 2h2v-1.5ZM8 12v-1.5h2a.5.5 0 0 0 .5-.5V8H12v2a2 2 0 0 1-2 2H8Zm2-12a2 2 0 0 1 2 2v2h-1.5V2a.5.5 0 0 0-.5-.5H8V0h2Z\" \/>\n\t\t\t<\/svg>\n\t\t<\/button><\/figure>\n\n\n\n<figure data-wp-context=\"{&quot;imageId&quot;:&quot;69fb8bd9ab673&quot;}\" data-wp-interactive=\"core\/image\" data-wp-key=\"69fb8bd9ab673\" class=\"wp-block-image size-large wp-lightbox-container\"><img loading=\"lazy\" decoding=\"async\" width=\"1024\" height=\"768\" data-wp-class--hide=\"state.isContentHidden\" data-wp-class--show=\"state.isContentVisible\" data-wp-init=\"callbacks.setButtonStyles\" data-wp-on--click=\"actions.showLightbox\" data-wp-on--load=\"callbacks.setButtonStyles\" data-wp-on-window--resize=\"callbacks.setButtonStyles\" data-id=\"1694\" src=\"https:\/\/villa-ankora.com\/apartments\/wp-content\/uploads\/2025\/06\/20250625_123412-1024x768.jpg\" alt=\"\" class=\"wp-image-1694\" srcset=\"https:\/\/villa-ankora.com\/apartments\/wp-content\/uploads\/2025\/06\/20250625_123412-1024x768.jpg 1024w, https:\/\/villa-ankora.com\/apartments\/wp-content\/uploads\/2025\/06\/20250625_123412-300x225.jpg 300w, https:\/\/villa-ankora.com\/apartments\/wp-content\/uploads\/2025\/06\/20250625_123412-768x576.jpg 768w, https:\/\/villa-ankora.com\/apartments\/wp-content\/uploads\/2025\/06\/20250625_123412-1536x1152.jpg 1536w, https:\/\/villa-ankora.com\/apartments\/wp-content\/uploads\/2025\/06\/20250625_123412-624x468.jpg 624w, https:\/\/villa-ankora.com\/apartments\/wp-content\/uploads\/2025\/06\/20250625_123412.jpg 1600w\" sizes=\"auto, (max-width: 1024px) 100vw, 1024px\" \/><button\n\t\t\tclass=\"lightbox-trigger\"\n\t\t\ttype=\"button\"\n\t\t\taria-haspopup=\"dialog\"\n\t\t\taria-label=\"Enlarge\"\n\t\t\tdata-wp-init=\"callbacks.initTriggerButton\"\n\t\t\tdata-wp-on--click=\"actions.showLightbox\"\n\t\t\tdata-wp-style--right=\"state.imageButtonRight\"\n\t\t\tdata-wp-style--top=\"state.imageButtonTop\"\n\t\t>\n\t\t\t<svg xmlns=\"http:\/\/www.w3.org\/2000\/svg\" width=\"12\" height=\"12\" fill=\"none\" viewBox=\"0 0 12 12\">\n\t\t\t\t<path fill=\"#fff\" d=\"M2 0a2 2 0 0 0-2 2v2h1.5V2a.5.5 0 0 1 .5-.5h2V0H2Zm2 10.5H2a.5.5 0 0 1-.5-.5V8H0v2a2 2 0 0 0 2 2h2v-1.5ZM8 12v-1.5h2a.5.5 0 0 0 .5-.5V8H12v2a2 2 0 0 1-2 2H8Zm2-12a2 2 0 0 1 2 2v2h-1.5V2a.5.5 0 0 0-.5-.5H8V0h2Z\" \/>\n\t\t\t<\/svg>\n\t\t<\/button><\/figure>\n<\/figure>\n\n\n\n<p><\/p>\n","protected":false},"excerpt":{"rendered":"<p>Villa Ankora, Kraj 119 21325 Tu\u010depi CroatiaMiljenko (mob): +385 (0) 91 57 68 508\u0110ur\u0111ica (e-mail): villaankora@gmail.comValentina (mob): +385 (0) 98 827 394Villa Ankora: +385 (0) 21 623 237villaankora@gmail.commiljenkosimic@gmail.comdjusim@yahoo.comvalentinasimic1@gmail.comhttp:\/\/www.villa-ankora.com<\/p>\n","protected":false},"author":1,"featured_media":344,"parent":0,"menu_order":0,"comment_status":"closed","ping_status":"closed","template":"","meta":{"footnotes":""},"class_list":["post-339","page","type-page","status-publish","has-post-thumbnail","hentry"],"_links":{"self":[{"href":"https:\/\/villa-ankora.com\/apartments\/wp-json\/wp\/v2\/pages\/339","targetHints":{"allow":["GET"]}}],"collection":[{"href":"https:\/\/villa-ankora.com\/apartments\/wp-json\/wp\/v2\/pages"}],"about":[{"href":"https:\/\/villa-ankora.com\/apartments\/wp-json\/wp\/v2\/types\/page"}],"author":[{"embeddable":true,"href":"https:\/\/villa-ankora.com\/apartments\/wp-json\/wp\/v2\/users\/1"}],"replies":[{"embeddable":true,"href":"https:\/\/villa-ankora.com\/apartments\/wp-json\/wp\/v2\/comments?post=339"}],"version-history":[{"count":45,"href":"https:\/\/villa-ankora.com\/apartments\/wp-json\/wp\/v2\/pages\/339\/revisions"}],"predecessor-version":[{"id":1941,"href":"https:\/\/villa-ankora.com\/apartments\/wp-json\/wp\/v2\/pages\/339\/revisions\/1941"}],"wp:featuredmedia":[{"embeddable":true,"href":"https:\/\/villa-ankora.com\/apartments\/wp-json\/wp\/v2\/media\/344"}],"wp:attachment":[{"href":"https:\/\/villa-ankora.com\/apartments\/wp-json\/wp\/v2\/media?parent=339"}],"curies":[{"name":"wp","href":"https:\/\/api.w.org\/{rel}","templated":true}]}}