{"id":314,"date":"2013-02-18T02:34:33","date_gmt":"2013-02-18T01:34:33","guid":{"rendered":"http:\/\/villa-ankora.com\/apartments\/?page_id=314"},"modified":"2026-05-11T16:43:40","modified_gmt":"2026-05-11T15:43:40","slug":"reservations","status":"publish","type":"page","link":"https:\/\/villa-ankora.com\/apartments\/reservations\/","title":{"rendered":"Reservations"},"content":{"rendered":"\n<p>Please fill in the simple form for accommodation inquiry in the sidebar. Of course, you may contact us by phone as well:<\/p>\n\n\n\n<div class=\"wp-block-group\"><div class=\"wp-block-group__inner-container is-layout-constrained wp-block-group-is-layout-constrained\">\n<div class=\"wp-block-group\"><div class=\"wp-block-group__inner-container is-layout-constrained wp-block-group-is-layout-constrained\">\n<div class=\"wp-block-group\"><div class=\"wp-block-group__inner-container is-layout-constrained wp-block-group-is-layout-constrained\">\n<p>Our phones:<\/p>\n\n\n\n<ul class=\"wp-block-list\">\n<li>+385 91 57 68 508 (Viber &amp; WhatsApp OK)<\/li>\n\n\n\n<li>+385 98 827 394 (Viber &amp; WhatsApp OK)<\/li>\n\n\n\n<li>+385 91 1923 857 (Viber &amp; WhatsApp OK)<\/li>\n\n\n\n<li>+385 21 623 237<\/li>\n\n\n\n<li>+385 1 4856 067<\/li>\n<\/ul>\n<\/div><\/div>\n<\/div><\/div>\n<\/div><\/div>\n\n\n\n<p>Upon making a reservation, we ask all our guests to send us <strong>40%<\/strong> of the total payable amount (please refer to our <a title=\"Prices\" href=\"https:\/\/villa-ankora.com\/apartments\/?page_id=322\">prices<\/a>) with one of the options listed below:<\/p>\n\n\n\n<ol class=\"wp-block-list\">\n<li><strong>Transfer through a bank:<\/strong><br>Account holder: \u0110ur\u0111ica \u0160imi\u0107, Preradovi\u0107eva 42, 10000 Zagreb, Croatia<br>Account for euros: (IBAN) HR1523400093100707585<br>Account for other currencies: (IBAN) HR0723400093110521316<br>Bank: Privredna banka Zagreb PBZ<br>Branch: Cvjetni trg 184, Trg P. Preradovi\u0107a, 10000 Zagreb<br>SWIFT CODE: PBZGHR2X<\/li>\n\n\n\n<li><strong>Postal order<\/strong>:<br>If you want to send by post or Western Union, then you need the following information:<br><strong>\u0110ur\u0111ica \u0160imi\u0107, Preradovi\u0107eva 42, 10000 Zagreb, Croatia<\/strong><br>Please take a picture of the receipt so that the payment number is clearly visible, which will allow us to receive the money.<\/li>\n\n\n\n<li><strong>PayPal:<\/strong><br>If you are going to pay with <strong>PayPal<\/strong> then pay to: <strong>villaankora@gmail.com<\/strong><\/li>\n<\/ol>\n\n\n\n<p>Once we receive the payment, we will make a record that the apartment is booked to your name. You will settle the remainder of the cost upon arrival. <strong>The down payment is non-refundable<\/strong>. Should you cancel your reservation after paying us the deposit of 40%, we shall keep this deposit in total.<\/p>\n\n\n\n<p><\/p>\n","protected":false},"excerpt":{"rendered":"<p>Please fill in the simple form for accommodation inquiry in the sidebar. Of course, you may contact us by phone as well: Our phones: Upon making a reservation, we ask all our guests to send us 40% of the total payable amount (please refer to our prices) with one of the options listed below: Once [&hellip;]<\/p>\n","protected":false},"author":1,"featured_media":336,"parent":0,"menu_order":0,"comment_status":"closed","ping_status":"closed","template":"","meta":{"footnotes":""},"class_list":["post-314","page","type-page","status-publish","has-post-thumbnail","hentry"],"_links":{"self":[{"href":"https:\/\/villa-ankora.com\/apartments\/wp-json\/wp\/v2\/pages\/314","targetHints":{"allow":["GET"]}}],"collection":[{"href":"https:\/\/villa-ankora.com\/apartments\/wp-json\/wp\/v2\/pages"}],"about":[{"href":"https:\/\/villa-ankora.com\/apartments\/wp-json\/wp\/v2\/types\/page"}],"author":[{"embeddable":true,"href":"https:\/\/villa-ankora.com\/apartments\/wp-json\/wp\/v2\/users\/1"}],"replies":[{"embeddable":true,"href":"https:\/\/villa-ankora.com\/apartments\/wp-json\/wp\/v2\/comments?post=314"}],"version-history":[{"count":67,"href":"https:\/\/villa-ankora.com\/apartments\/wp-json\/wp\/v2\/pages\/314\/revisions"}],"predecessor-version":[{"id":1953,"href":"https:\/\/villa-ankora.com\/apartments\/wp-json\/wp\/v2\/pages\/314\/revisions\/1953"}],"wp:featuredmedia":[{"embeddable":true,"href":"https:\/\/villa-ankora.com\/apartments\/wp-json\/wp\/v2\/media\/336"}],"wp:attachment":[{"href":"https:\/\/villa-ankora.com\/apartments\/wp-json\/wp\/v2\/media?parent=314"}],"curies":[{"name":"wp","href":"https:\/\/api.w.org\/{rel}","templated":true}]}}